{"id":257,"date":"2016-10-10T12:14:03","date_gmt":"2016-10-10T15:14:03","guid":{"rendered":"https:\/\/sementesdaeducacao.com.br\/1a-temporada\/?page_id=257"},"modified":"2017-05-30T12:51:52","modified_gmt":"2017-05-30T15:51:52","slug":"especialistas","status":"publish","type":"page","link":"https:\/\/sementesdaeducacao.com.br\/1a-temporada\/especialistas\/","title":{"rendered":"Especialistas"},"content":{"rendered":"<h4>Celso Vasconcellos<img loading=\"lazy\" decoding=\"async\" class=\"alignleft wp-image-335 \" src=\"https:\/\/sementesdaeducacao.com.br\/1a-temporada\/wp-content\/uploads\/2016\/10\/CELSO-VASCONCELLOS-e1476125749915-300x300.jpg\" width=\"275\" height=\"275\" srcset=\"https:\/\/sementesdaeducacao.com.br\/1a-temporada\/wp-content\/uploads\/2016\/10\/CELSO-VASCONCELLOS-e1476125749915-300x300.jpg 300w, https:\/\/sementesdaeducacao.com.br\/1a-temporada\/wp-content\/uploads\/2016\/10\/CELSO-VASCONCELLOS-e1476125749915-150x150.jpg 150w, https:\/\/sementesdaeducacao.com.br\/1a-temporada\/wp-content\/uploads\/2016\/10\/CELSO-VASCONCELLOS-e1476125749915-250x250.jpg 250w, https:\/\/sementesdaeducacao.com.br\/1a-temporada\/wp-content\/uploads\/2016\/10\/CELSO-VASCONCELLOS-e1476125749915-174x174.jpg 174w, https:\/\/sementesdaeducacao.com.br\/1a-temporada\/wp-content\/uploads\/2016\/10\/CELSO-VASCONCELLOS-e1476125749915.jpg 532w\" sizes=\"auto, (max-width: 275px) 100vw, 275px\" \/><\/h4>\n<p>Prof. Celso dos Santos Vasconcellos, Doutor em Educa\u00e7\u00e3o pela USP, Mestre em Hist\u00f3ria e Filosofia da Educa\u00e7\u00e3o pela PUC\/SP, Pedagogo, Fil\u00f3sofo, pesquisador, escritor, conferencista, professor convidado de cursos de gradua\u00e7\u00e3o e p\u00f3s-gradua\u00e7\u00e3o, respons\u00e1vel pelo Libertad &#8211; Centro de Pesquisa, Forma\u00e7\u00e3o e Assessoria Pedag\u00f3gica.<\/p>\n<p>Autor dos livros: Planejamento: Projeto de Ensino-Aprendizagem e Projeto Pol\u00edtico-Pedag\u00f3gico; Constru\u00e7\u00e3o do Conhecimento em Sala de Aula; Avalia\u00e7\u00e3o: Concep\u00e7\u00e3o Dial\u00e9tica-Libertadora do Processo de Avalia\u00e7\u00e3o Escolar; (In)Disciplina: Constru\u00e7\u00e3o da Disciplina Consciente e Interativa em Sala de Aula e na Escola; Para Onde Vai o Professor &#8211; resgate do professor como sujeito de transforma\u00e7\u00e3o; Supera\u00e7\u00e3o da L\u00f3gica Classificat\u00f3ria e Excludente da Avalia\u00e7\u00e3o: do \u201c\u00e9 proibido reprovar\u201d ao \u00e9 preciso garantir a aprendizagem; Avalia\u00e7\u00e3o da Aprendizagem: Pr\u00e1ticas de Mudan\u00e7a &#8211; por uma pr\u00e1xis transformadora; Coordena\u00e7\u00e3o do Trabalho Pedag\u00f3gico: do projeto pol\u00edtico-pedag\u00f3gico ao cotidiano da sala de aula; Indisciplina e Disciplina Escolar: fundamentos para o trabalho docente; Curr\u00edculo: A Atividade Humana como Princ\u00edpio Educativo.<\/p>\n<p>&nbsp;<\/p>\n<p>Contatos:\u00a0<a href=\"http:\/\/www.celsovasconcellos.com.br\">www.celsovasconcellos.com.br<\/a> || celsovasconcellos@uol.com.br<\/p>\n<p>&nbsp;<\/p>\n<hr \/>\n<h4><img loading=\"lazy\" decoding=\"async\" class=\"alignright wp-image-336 \" src=\"https:\/\/sementesdaeducacao.com.br\/1a-temporada\/wp-content\/uploads\/2016\/10\/14633005_1236849456379164_1974000742415622992_n-300x300.jpg\" width=\"275\" height=\"275\" srcset=\"https:\/\/sementesdaeducacao.com.br\/1a-temporada\/wp-content\/uploads\/2016\/10\/14633005_1236849456379164_1974000742415622992_n-300x300.jpg 300w, https:\/\/sementesdaeducacao.com.br\/1a-temporada\/wp-content\/uploads\/2016\/10\/14633005_1236849456379164_1974000742415622992_n-150x150.jpg 150w, https:\/\/sementesdaeducacao.com.br\/1a-temporada\/wp-content\/uploads\/2016\/10\/14633005_1236849456379164_1974000742415622992_n-768x768.jpg 768w, https:\/\/sementesdaeducacao.com.br\/1a-temporada\/wp-content\/uploads\/2016\/10\/14633005_1236849456379164_1974000742415622992_n-250x250.jpg 250w, https:\/\/sementesdaeducacao.com.br\/1a-temporada\/wp-content\/uploads\/2016\/10\/14633005_1236849456379164_1974000742415622992_n-174x174.jpg 174w, https:\/\/sementesdaeducacao.com.br\/1a-temporada\/wp-content\/uploads\/2016\/10\/14633005_1236849456379164_1974000742415622992_n.jpg 862w\" sizes=\"auto, (max-width: 275px) 100vw, 275px\" \/>Caio Dib<\/h4>\n<p>Caio Dib \u00e9 fundador do Caindo no Brasil. Formado em jornalismo pela Faculdade C\u00e1sper L\u00edbero, j\u00e1 integrou equipes de institui\u00e7\u00f5es como Abril Educa\u00e7\u00e3o, Col\u00e9gio Bandeirantes e Instituto Natura. Al\u00e9m disso, \u00e9 autor de Caindo no Brasil: uma viagem pela diversidade da educa\u00e7\u00e3o e Educa\u00e7\u00e3o Reinventada: a tecnologia como catalisadora de uma nova escola.Tamb\u00e9m \u00e9 educador no Transform+a\u00e7\u00e3o, um curso extracurricular que empodera jovens com idades entre 10 e 14 anos para criarem projetos que melhoram o bairro que vivem e estudam.<\/p>\n<p>&nbsp;<\/p>\n<p>Contatos:\u00a0<a href=\"http:\/\/www.caindonobrasil.com.br\/\">www.caindonobrasil.com.br<\/a> || caiodib@caindonobrasil.com.br<\/p>\n<p>&nbsp;<\/p>\n<hr \/>\n<p><img loading=\"lazy\" decoding=\"async\" class=\"alignleft size-medium wp-image-992\" src=\"https:\/\/sementesdaeducacao.com.br\/1a-temporada\/wp-content\/uploads\/2016\/10\/Rosely-e1496159477133-300x300.jpeg\" alt=\"Rosely\" width=\"300\" height=\"300\" srcset=\"https:\/\/sementesdaeducacao.com.br\/1a-temporada\/wp-content\/uploads\/2016\/10\/Rosely-e1496159477133-300x300.jpeg 300w, https:\/\/sementesdaeducacao.com.br\/1a-temporada\/wp-content\/uploads\/2016\/10\/Rosely-e1496159477133-150x150.jpeg 150w, https:\/\/sementesdaeducacao.com.br\/1a-temporada\/wp-content\/uploads\/2016\/10\/Rosely-e1496159477133-400x400.jpeg 400w, https:\/\/sementesdaeducacao.com.br\/1a-temporada\/wp-content\/uploads\/2016\/10\/Rosely-e1496159477133-250x250.jpeg 250w, https:\/\/sementesdaeducacao.com.br\/1a-temporada\/wp-content\/uploads\/2016\/10\/Rosely-e1496159477133-174x174.jpeg 174w, https:\/\/sementesdaeducacao.com.br\/1a-temporada\/wp-content\/uploads\/2016\/10\/Rosely-e1496159477133.jpeg 422w\" sizes=\"auto, (max-width: 300px) 100vw, 300px\" \/><\/p>\n<p dir=\"ltr\">\n<p dir=\"ltr\"><strong>Rosely Say\u00e3o<\/strong><\/p>\n<p dir=\"ltr\">Colunista da Folha de S\u00e3o Paulo no Caderno Equil\u00edbrio e Folhateen , e da Band News FM.<\/p>\n<p dir=\"ltr\">Autora dos livros &#8220;Fam\u00edlia: modos de usar&#8221; (2006, Editora Papirus), &#8220;Em defesa da escola&#8221; (2004, Editora Papirus), &#8220;Como educar meu filho?&#8221; (2003, Publifolha).<\/p>\n<div>\n<p dir=\"ltr\">\u00c9 refer\u00eancia no tema <span class=\"il\">educa\u00e7\u00e3o<\/span> de crian\u00e7as e adolescentes, atuando como consultora em empresas, escolas e programas de TV.<\/p>\n<\/div>\n","protected":false},"excerpt":{"rendered":"<p>Celso Vasconcellos Prof. Celso dos Santos Vasconcellos, Doutor em Educa\u00e7\u00e3o pela USP, Mestre em Hist\u00f3ria e Filosofia da Educa\u00e7\u00e3o pela PUC\/SP, Pedagogo, Fil\u00f3sofo, pesquisador, escritor, conferencista, professor convidado de cursos de gradua\u00e7\u00e3o e p\u00f3s-gradua\u00e7\u00e3o, respons\u00e1vel pelo Libertad &#8211; Centro de Pesquisa, Forma\u00e7\u00e3o e Assessoria Pedag\u00f3gica. Autor dos livros: Planejamento: Projeto de Ensino-Aprendizagem e Projeto Pol\u00edtico-Pedag\u00f3gico;<a href=\"https:\/\/sementesdaeducacao.com.br\/1a-temporada\/especialistas\/\">[&#8230;]<\/a><\/p>\n","protected":false},"author":1,"featured_media":0,"parent":0,"menu_order":0,"comment_status":"closed","ping_status":"closed","template":"","meta":{"__cvm_playback_settings":[],"__cvm_video_id":"","footnotes":""},"class_list":["post-257","page","type-page","status-publish","hentry"],"_links":{"self":[{"href":"https:\/\/sementesdaeducacao.com.br\/1a-temporada\/wp-json\/wp\/v2\/pages\/257","targetHints":{"allow":["GET"]}}],"collection":[{"href":"https:\/\/sementesdaeducacao.com.br\/1a-temporada\/wp-json\/wp\/v2\/pages"}],"about":[{"href":"https:\/\/sementesdaeducacao.com.br\/1a-temporada\/wp-json\/wp\/v2\/types\/page"}],"author":[{"embeddable":true,"href":"https:\/\/sementesdaeducacao.com.br\/1a-temporada\/wp-json\/wp\/v2\/users\/1"}],"replies":[{"embeddable":true,"href":"https:\/\/sementesdaeducacao.com.br\/1a-temporada\/wp-json\/wp\/v2\/comments?post=257"}],"version-history":[{"count":7,"href":"https:\/\/sementesdaeducacao.com.br\/1a-temporada\/wp-json\/wp\/v2\/pages\/257\/revisions"}],"predecessor-version":[{"id":993,"href":"https:\/\/sementesdaeducacao.com.br\/1a-temporada\/wp-json\/wp\/v2\/pages\/257\/revisions\/993"}],"wp:attachment":[{"href":"https:\/\/sementesdaeducacao.com.br\/1a-temporada\/wp-json\/wp\/v2\/media?parent=257"}],"curies":[{"name":"wp","href":"https:\/\/api.w.org\/{rel}","templated":true}]}}